{"id":2,"date":"2023-07-08T09:10:02","date_gmt":"2023-07-08T07:10:02","guid":{"rendered":"http:\/\/surtarang.com.pl\/?page_id=2"},"modified":"2023-07-20T13:44:13","modified_gmt":"2023-07-20T11:44:13","slug":"przykladowa-strona","status":"publish","type":"page","link":"https:\/\/surtarang.com.pl\/en\/przykladowa-strona\/","title":{"rendered":"About us"},"content":{"rendered":"<p class=\"has-text-color has-medium-font-size\" style=\"color:#a07eb3\">Sur means sound, tarang means wave.<\/p>\n\n\n\n<p class=\"has-text-color\" style=\"color:#a07eb3\">The band is inspired by oriental music, mostly of Indian origin. They use original oriental instruments such as sitar, tabla, saz and darbuka, laced with modern electronic sounds, in which edm, trance and dub can be heard. The music is complemented by mystical chanting, so the mantras take you on a journey that is not only sonic but also emotional and spiritual.&nbsp;<\/p>\n\n\n\n<p class=\"has-text-color\" style=\"color:#a07eb3\">The band's debut album, \"Duniya,\" came out in February 2021 and a video for the title track was released in April. The first album was well received - the band played concerts promoting it at many festivals and clubs across Poland.<\/p>\n\n\n\n<p class=\"has-text-color\" style=\"color:#a07eb3\">Since the beginning of 2022 the band has been working hard on their new material, which premiered along with a special concert at Pozna\u0144's Pr\u00f3\u017cno\u015b\u0107 music club. The event can be boldly called a musical performance and a colorful story which was enriched by invited guests. The band embarked on a \"Yatra tour\" through Polish clubs with the new material.&nbsp;<\/p>\n\n\n\n<p class=\"has-text-color\" style=\"color:#a07eb3\">The second album \"Yatra\" meaning \"Journey\" is a cohesive work - the character of the songs included on the album is combined with unique costumes and amazing characterizations. The nature of the twelve tracks included on the album, as well as the remix, is combined with unique cover art. Diverse sounds and the presence of a variety of musical genres accompanied by traditional mantras makes \"Yatra\" a multidimensional journey into oneself.<\/p>\n\n\n\n<p class=\"has-text-color\" style=\"color:#a07eb3\">The band has performed at festivals such as Las Festival, Summer Contrast, Ostr\u00f3da Reggae Festival, Egodrop Festival, Wibracje 5.0, Stacja Wolimierz, Ostoya Festival, Uroczysko..., and in countless clubs across Poland.<\/p>\n\n\n\n<hr class=\"wp-block-separator aligncenter has-text-color has-nv-c-1-color has-alpha-channel-opacity has-nv-c-1-background-color has-background\"\/>\n\n\n\n<p class=\"has-text-color\" style=\"color:#a07eb3\">Band members:<\/p>\n\n\n\n<div class=\"wp-block-columns is-layout-flex wp-container-core-columns-is-layout-9d6595d7 wp-block-columns-is-layout-flex\">\n<div class=\"wp-block-column is-layout-flow wp-block-column-is-layout-flow\"><div class=\"wp-block-image is-style-rounded\">\n<figure class=\"aligncenter size-large is-resized\"><img loading=\"lazy\" decoding=\"async\" src=\"https:\/\/surtarang.com.pl\/wp-content\/uploads\/2023\/07\/Hanka-sesja-fot.-Przemek-Banas-2-681x1024.jpg\" alt=\"Hanka\" class=\"wp-image-138\" width=\"341\" height=\"512\" srcset=\"https:\/\/surtarang.com.pl\/wp-content\/uploads\/2023\/07\/Hanka-sesja-fot.-Przemek-Banas-2-681x1024.jpg 681w, https:\/\/surtarang.com.pl\/wp-content\/uploads\/2023\/07\/Hanka-sesja-fot.-Przemek-Banas-2-200x300.jpg 200w, https:\/\/surtarang.com.pl\/wp-content\/uploads\/2023\/07\/Hanka-sesja-fot.-Przemek-Banas-2-768x1154.jpg 768w, https:\/\/surtarang.com.pl\/wp-content\/uploads\/2023\/07\/Hanka-sesja-fot.-Przemek-Banas-2-1022x1536.jpg 1022w, https:\/\/surtarang.com.pl\/wp-content\/uploads\/2023\/07\/Hanka-sesja-fot.-Przemek-Banas-2-1363x2048.jpg 1363w, https:\/\/surtarang.com.pl\/wp-content\/uploads\/2023\/07\/Hanka-sesja-fot.-Przemek-Banas-2-scaled.jpg 1703w\" sizes=\"auto, (max-width: 341px) 100vw, 341px\" \/><\/figure>\n<\/div>\n\n\n<p class=\"has-text-align-center has-text-color\" style=\"color:#a07eb3\">Hanka \u0141ubie\u0144ska \u2013 vocal, electronics<\/p>\n<\/div>\n\n\n\n<div class=\"wp-block-column is-layout-flow wp-block-column-is-layout-flow\"><div class=\"wp-block-image is-style-rounded\">\n<figure class=\"aligncenter size-large is-resized\"><img loading=\"lazy\" decoding=\"async\" src=\"https:\/\/surtarang.com.pl\/wp-content\/uploads\/2023\/07\/Eryk-sesja-fot.-Przemek-Banas-3-673x1024.jpg\" alt=\"Eryk\" class=\"wp-image-136\" width=\"341\" height=\"512\"\/><\/figure>\n<\/div>\n\n\n<p class=\"has-text-align-center has-text-color\" style=\"color:#a07eb3\">Eryk Nowacki \u2013 sitar, saz<\/p>\n<\/div>\n\n\n\n<div class=\"wp-block-column is-layout-flow wp-block-column-is-layout-flow\"><div class=\"wp-block-image is-style-rounded\">\n<figure class=\"aligncenter size-large is-resized\"><img loading=\"lazy\" decoding=\"async\" src=\"https:\/\/surtarang.com.pl\/wp-content\/uploads\/2023\/07\/Lukasz-sesja-fot.-Przemek-Banas-1-681x1024.jpg\" alt=\"\u0141ukasz\" class=\"wp-image-137\" width=\"341\" height=\"512\" srcset=\"https:\/\/surtarang.com.pl\/wp-content\/uploads\/2023\/07\/Lukasz-sesja-fot.-Przemek-Banas-1-681x1024.jpg 681w, https:\/\/surtarang.com.pl\/wp-content\/uploads\/2023\/07\/Lukasz-sesja-fot.-Przemek-Banas-1-200x300.jpg 200w, https:\/\/surtarang.com.pl\/wp-content\/uploads\/2023\/07\/Lukasz-sesja-fot.-Przemek-Banas-1-768x1154.jpg 768w, https:\/\/surtarang.com.pl\/wp-content\/uploads\/2023\/07\/Lukasz-sesja-fot.-Przemek-Banas-1-1022x1536.jpg 1022w, https:\/\/surtarang.com.pl\/wp-content\/uploads\/2023\/07\/Lukasz-sesja-fot.-Przemek-Banas-1-1363x2048.jpg 1363w, https:\/\/surtarang.com.pl\/wp-content\/uploads\/2023\/07\/Lukasz-sesja-fot.-Przemek-Banas-1-scaled.jpg 1703w\" sizes=\"auto, (max-width: 341px) 100vw, 341px\" \/><\/figure>\n<\/div>\n\n\n<p class=\"has-text-align-center has-text-color\" style=\"color:#a07eb3\">\u0141ukasz Jasiak \u2013 tabla, darbuka, sampler, electronics, production<\/p>\n<\/div>\n<\/div>","protected":false},"excerpt":{"rendered":"<p>Sur oznacza d\u017awi\u0119k, tarang to fala. Inspiracj\u0105 zespo\u0142u jest muzyka orientalna, przede wszystkim indyjska.&nbsp;Wykorzystuj\u0105 oryginalne orientalne instrumenty, takie jak: sitar, tabla, saz i darbuka, okraszaj\u0105c je nowoczesnymi brzmieniami elektronicznymi, w kt\u00f3rych us\u0142ysze\u0107 mo\u017cna edm, trance, czy dub. Muzyk\u0119 dope\u0142nia mistyczny \u015bpiew, a wykonywane mantry zabieraj\u0105 w podr\u00f3\u017c nie tylko d\u017awi\u0119kow\u0105, ale r\u00f3wnie\u017c emocjonaln\u0105 i duchow\u0105.&nbsp;&hellip;&nbsp;<a href=\"https:\/\/surtarang.com.pl\/en\/przykladowa-strona\/\" class=\"\" rel=\"bookmark\">Read More &raquo;<span class=\"screen-reader-text\">About us<\/span><\/a><\/p>","protected":false},"author":1,"featured_media":0,"parent":0,"menu_order":0,"comment_status":"closed","ping_status":"open","template":"","meta":{"neve_meta_sidebar":"","neve_meta_container":"default","neve_meta_enable_content_width":"","neve_meta_content_width":0,"neve_meta_title_alignment":"","neve_meta_author_avatar":"","neve_post_elements_order":"","neve_meta_disable_header":"off","neve_meta_disable_footer":"","neve_meta_disable_title":"","footnotes":""},"class_list":["post-2","page","type-page","status-publish","hentry"],"yoast_head":"<!-- This site is optimized with the Yoast SEO plugin v20.11 - https:\/\/yoast.com\/wordpress\/plugins\/seo\/ -->\n<title>O nas &bull; Surtarang<\/title>\n<meta name=\"robots\" content=\"index, follow, max-snippet:-1, max-image-preview:large, max-video-preview:-1\" \/>\n<link rel=\"canonical\" href=\"https:\/\/surtarang.com.pl\/en\/przykladowa-strona\/\" \/>\n<meta property=\"og:locale\" content=\"en_GB\" \/>\n<meta property=\"og:type\" content=\"article\" \/>\n<meta property=\"og:title\" content=\"O nas &bull; Surtarang\" \/>\n<meta property=\"og:description\" content=\"Sur oznacza d\u017awi\u0119k, tarang to fala. Inspiracj\u0105 zespo\u0142u jest muzyka orientalna, przede wszystkim indyjska.&nbsp;Wykorzystuj\u0105 oryginalne orientalne instrumenty, takie jak: sitar, tabla, saz i darbuka, okraszaj\u0105c je nowoczesnymi brzmieniami elektronicznymi, w kt\u00f3rych us\u0142ysze\u0107 mo\u017cna edm, trance, czy dub. Muzyk\u0119 dope\u0142nia mistyczny \u015bpiew, a wykonywane mantry zabieraj\u0105 w podr\u00f3\u017c nie tylko d\u017awi\u0119kow\u0105, ale r\u00f3wnie\u017c emocjonaln\u0105 i duchow\u0105.&nbsp;&hellip;&nbsp;Read More &raquo;O nas\" \/>\n<meta property=\"og:url\" content=\"https:\/\/surtarang.com.pl\/en\/przykladowa-strona\/\" \/>\n<meta property=\"og:site_name\" content=\"Surtarang\" \/>\n<meta property=\"article:publisher\" content=\"https:\/\/www.facebook.com\/surtarangband\" \/>\n<meta property=\"article:modified_time\" content=\"2023-07-20T11:44:13+00:00\" \/>\n<meta property=\"og:image\" content=\"https:\/\/surtarang.com.pl\/wp-content\/uploads\/2023\/07\/Hanka-sesja-fot.-Przemek-Banas-2-681x1024.jpg\" \/>\n<meta name=\"twitter:card\" content=\"summary_large_image\" \/>\n<meta name=\"twitter:label1\" content=\"Estimated reading time\" \/>\n\t<meta name=\"twitter:data1\" content=\"1 minute\" \/>\n<script type=\"application\/ld+json\" class=\"yoast-schema-graph\">{\"@context\":\"https:\/\/schema.org\",\"@graph\":[{\"@type\":\"WebPage\",\"@id\":\"https:\/\/surtarang.com.pl\/przykladowa-strona\/\",\"url\":\"https:\/\/surtarang.com.pl\/przykladowa-strona\/\",\"name\":\"O nas &bull; Surtarang\",\"isPartOf\":{\"@id\":\"https:\/\/surtarang.com.pl\/en\/#website\"},\"datePublished\":\"2023-07-08T07:10:02+00:00\",\"dateModified\":\"2023-07-20T11:44:13+00:00\",\"breadcrumb\":{\"@id\":\"https:\/\/surtarang.com.pl\/przykladowa-strona\/#breadcrumb\"},\"inLanguage\":\"en-GB\",\"potentialAction\":[{\"@type\":\"ReadAction\",\"target\":[\"https:\/\/surtarang.com.pl\/przykladowa-strona\/\"]}]},{\"@type\":\"BreadcrumbList\",\"@id\":\"https:\/\/surtarang.com.pl\/przykladowa-strona\/#breadcrumb\",\"itemListElement\":[{\"@type\":\"ListItem\",\"position\":1,\"name\":\"Strona g\u0142\u00f3wna\",\"item\":\"https:\/\/surtarang.com.pl\/en\/\"},{\"@type\":\"ListItem\",\"position\":2,\"name\":\"O nas\"}]},{\"@type\":\"WebSite\",\"@id\":\"https:\/\/surtarang.com.pl\/en\/#website\",\"url\":\"https:\/\/surtarang.com.pl\/en\/\",\"name\":\"Surtarang\",\"description\":\"Ethno-electronic band from Poland\",\"publisher\":{\"@id\":\"https:\/\/surtarang.com.pl\/en\/#organization\"},\"alternateName\":\"Surtarang\",\"potentialAction\":[{\"@type\":\"SearchAction\",\"target\":{\"@type\":\"EntryPoint\",\"urlTemplate\":\"https:\/\/surtarang.com.pl\/en\/?s={search_term_string}\"},\"query-input\":\"required name=search_term_string\"}],\"inLanguage\":\"en-GB\"},{\"@type\":\"Organization\",\"@id\":\"https:\/\/surtarang.com.pl\/en\/#organization\",\"name\":\"Surtarang\",\"url\":\"https:\/\/surtarang.com.pl\/en\/\",\"logo\":{\"@type\":\"ImageObject\",\"inLanguage\":\"en-GB\",\"@id\":\"https:\/\/surtarang.com.pl\/en\/#\/schema\/logo\/image\/\",\"url\":\"https:\/\/surtarang.com.pl\/wp-content\/uploads\/2023\/07\/cropped-Surtarang-sesja-fot.-Przemek-Banas-5-scaled-3.jpg\",\"contentUrl\":\"https:\/\/surtarang.com.pl\/wp-content\/uploads\/2023\/07\/cropped-Surtarang-sesja-fot.-Przemek-Banas-5-scaled-3.jpg\",\"width\":512,\"height\":512,\"caption\":\"Surtarang\"},\"image\":{\"@id\":\"https:\/\/surtarang.com.pl\/en\/#\/schema\/logo\/image\/\"},\"sameAs\":[\"https:\/\/www.facebook.com\/surtarangband\"]}]}<\/script>\n<!-- \/ Yoast SEO plugin. -->","yoast_head_json":{"title":"O nas &bull; Surtarang","robots":{"index":"index","follow":"follow","max-snippet":"max-snippet:-1","max-image-preview":"max-image-preview:large","max-video-preview":"max-video-preview:-1"},"canonical":"https:\/\/surtarang.com.pl\/en\/przykladowa-strona\/","og_locale":"en_GB","og_type":"article","og_title":"O nas &bull; Surtarang","og_description":"Sur oznacza d\u017awi\u0119k, tarang to fala. Inspiracj\u0105 zespo\u0142u jest muzyka orientalna, przede wszystkim indyjska.&nbsp;Wykorzystuj\u0105 oryginalne orientalne instrumenty, takie jak: sitar, tabla, saz i darbuka, okraszaj\u0105c je nowoczesnymi brzmieniami elektronicznymi, w kt\u00f3rych us\u0142ysze\u0107 mo\u017cna edm, trance, czy dub. Muzyk\u0119 dope\u0142nia mistyczny \u015bpiew, a wykonywane mantry zabieraj\u0105 w podr\u00f3\u017c nie tylko d\u017awi\u0119kow\u0105, ale r\u00f3wnie\u017c emocjonaln\u0105 i duchow\u0105.&nbsp;&hellip;&nbsp;Read More &raquo;O nas","og_url":"https:\/\/surtarang.com.pl\/en\/przykladowa-strona\/","og_site_name":"Surtarang","article_publisher":"https:\/\/www.facebook.com\/surtarangband","article_modified_time":"2023-07-20T11:44:13+00:00","og_image":[{"url":"https:\/\/surtarang.com.pl\/wp-content\/uploads\/2023\/07\/Hanka-sesja-fot.-Przemek-Banas-2-681x1024.jpg"}],"twitter_card":"summary_large_image","twitter_misc":{"Estimated reading time":"1 minute"},"schema":{"@context":"https:\/\/schema.org","@graph":[{"@type":"WebPage","@id":"https:\/\/surtarang.com.pl\/przykladowa-strona\/","url":"https:\/\/surtarang.com.pl\/przykladowa-strona\/","name":"O nas &bull; Surtarang","isPartOf":{"@id":"https:\/\/surtarang.com.pl\/en\/#website"},"datePublished":"2023-07-08T07:10:02+00:00","dateModified":"2023-07-20T11:44:13+00:00","breadcrumb":{"@id":"https:\/\/surtarang.com.pl\/przykladowa-strona\/#breadcrumb"},"inLanguage":"en-GB","potentialAction":[{"@type":"ReadAction","target":["https:\/\/surtarang.com.pl\/przykladowa-strona\/"]}]},{"@type":"BreadcrumbList","@id":"https:\/\/surtarang.com.pl\/przykladowa-strona\/#breadcrumb","itemListElement":[{"@type":"ListItem","position":1,"name":"Strona g\u0142\u00f3wna","item":"https:\/\/surtarang.com.pl\/en\/"},{"@type":"ListItem","position":2,"name":"O nas"}]},{"@type":"WebSite","@id":"https:\/\/surtarang.com.pl\/en\/#website","url":"https:\/\/surtarang.com.pl\/en\/","name":"Surtarang","description":"Ethno-electronic band from Poland","publisher":{"@id":"https:\/\/surtarang.com.pl\/en\/#organization"},"alternateName":"Surtarang","potentialAction":[{"@type":"SearchAction","target":{"@type":"EntryPoint","urlTemplate":"https:\/\/surtarang.com.pl\/en\/?s={search_term_string}"},"query-input":"required name=search_term_string"}],"inLanguage":"en-GB"},{"@type":"Organization","@id":"https:\/\/surtarang.com.pl\/en\/#organization","name":"Surtarang","url":"https:\/\/surtarang.com.pl\/en\/","logo":{"@type":"ImageObject","inLanguage":"en-GB","@id":"https:\/\/surtarang.com.pl\/en\/#\/schema\/logo\/image\/","url":"https:\/\/surtarang.com.pl\/wp-content\/uploads\/2023\/07\/cropped-Surtarang-sesja-fot.-Przemek-Banas-5-scaled-3.jpg","contentUrl":"https:\/\/surtarang.com.pl\/wp-content\/uploads\/2023\/07\/cropped-Surtarang-sesja-fot.-Przemek-Banas-5-scaled-3.jpg","width":512,"height":512,"caption":"Surtarang"},"image":{"@id":"https:\/\/surtarang.com.pl\/en\/#\/schema\/logo\/image\/"},"sameAs":["https:\/\/www.facebook.com\/surtarangband"]}]}},"_links":{"self":[{"href":"https:\/\/surtarang.com.pl\/en\/wp-json\/wp\/v2\/pages\/2","targetHints":{"allow":["GET"]}}],"collection":[{"href":"https:\/\/surtarang.com.pl\/en\/wp-json\/wp\/v2\/pages"}],"about":[{"href":"https:\/\/surtarang.com.pl\/en\/wp-json\/wp\/v2\/types\/page"}],"author":[{"embeddable":true,"href":"https:\/\/surtarang.com.pl\/en\/wp-json\/wp\/v2\/users\/1"}],"replies":[{"embeddable":true,"href":"https:\/\/surtarang.com.pl\/en\/wp-json\/wp\/v2\/comments?post=2"}],"version-history":[{"count":8,"href":"https:\/\/surtarang.com.pl\/en\/wp-json\/wp\/v2\/pages\/2\/revisions"}],"predecessor-version":[{"id":247,"href":"https:\/\/surtarang.com.pl\/en\/wp-json\/wp\/v2\/pages\/2\/revisions\/247"}],"wp:attachment":[{"href":"https:\/\/surtarang.com.pl\/en\/wp-json\/wp\/v2\/media?parent=2"}],"curies":[{"name":"wp","href":"https:\/\/api.w.org\/{rel}","templated":true}]}}