{"id":205,"date":"2023-07-17T17:57:54","date_gmt":"2023-07-17T15:57:54","guid":{"rendered":"https:\/\/surtarang.com.pl\/?page_id=205"},"modified":"2025-09-11T09:24:53","modified_gmt":"2025-09-11T07:24:53","slug":"koncerty-2","status":"publish","type":"page","link":"https:\/\/surtarang.com.pl\/en\/koncerty-2\/","title":{"rendered":"Concerts"},"content":{"rendered":"<h3 class=\"wp-block-heading has-text-align-center has-text-color has-x-large-font-size\" style=\"color:#a07eb3\">\u058d Summer Tour \u058d<\/h3>\n\n\n\n<p class=\"has-text-align-left\">2.05 <a href=\"https:\/\/www.facebook.com\/profile.php?id=61560068756900&amp;__tn__=-]K*F\">Koncertowa Maj\u00f3wka<\/a><\/p>\n\n\n\n<p class=\"has-text-align-left\">13.06 <a href=\"https:\/\/www.facebook.com\/simbiosafestiwal?__tn__=-]K*F\">Festiwal Simbiosa<\/a><\/p>\n\n\n\n<p class=\"has-text-align-left\">14.06 <a href=\"https:\/\/www.facebook.com\/grajdolfest?__tn__=-]K*F\">Grajd\u00f3\u0142 Festiwal<\/a><\/p>\n\n\n\n<p class=\"has-text-align-left\">19.06 <a href=\"https:\/\/www.facebook.com\/ufobufo.eu?__tn__=-]K*F\">Ufo Bufo festival<\/a><\/p>\n\n\n\n<p class=\"has-text-align-left\">20.06 <a href=\"https:\/\/www.facebook.com\/profile.php?id=61564657376399&amp;__tn__=-]K*F\">OWCA BIA\u0141A<\/a> (impreza zamkni\u0119ta)<\/p>\n\n\n\n<p class=\"has-text-align-left\">18.07 <a href=\"https:\/\/www.facebook.com\/efka.live?__tn__=-]K*F\">EFKA Festiwal<\/a><\/p>\n\n\n\n<p class=\"has-text-align-left\">19.07 <a href=\"https:\/\/www.facebook.com\/StacjaWolimierz?__tn__=-]K*F\">Stacja Wolimierz<\/a><\/p>\n\n\n\n<p class=\"has-text-align-left\">9.08 <a href=\"https:\/\/www.facebook.com\/ethnopolana?__tn__=-]K*F\">Ethno Polana Festiwal<\/a><br><br>15.08 <a href=\"https:\/\/www.facebook.com\/festiwalwisly\">Festiwal Wis\u0142y<\/a><\/p>\n\n\n\n<p class=\"has-text-align-left\">31.08 Podr\u00f3\u017c do Indii (Pozna\u0144)<\/p>\n\n\n\n<p class=\"has-text-align-left\">6.09 <a href=\"https:\/\/www.facebook.com\/fullmoonartfest?__tn__=-]K*F\">Full Moon Art Fest<\/a><br><br>20.09 <a href=\"https:\/\/www.facebook.com\/events\/1037896851759662\">Dzie\u0144 Je\u017cyc<\/a> (Pozna\u0144)<\/p>\n\n\n\n<div style=\"height:16px\" aria-hidden=\"true\" class=\"wp-block-spacer\"><\/div>\n\n\n\n<div class=\"wp-block-buttons is-content-justification-center is-layout-flex wp-container-core-buttons-is-layout-16018d1d wp-block-buttons-is-layout-flex\">\n<div class=\"wp-block-button\"><a class=\"wp-block-button__link has-background has-large-font-size has-custom-font-size wp-element-button\" href=\"https:\/\/surtarang.com.pl\/en\/poprzednie-trasy\/\" style=\"background-color:#a07eb3\">Historia koncert\u00f3w<\/a><\/div>\n<\/div>","protected":false},"excerpt":{"rendered":"<p>\u058d Summer Tour \u058d 2.05 Koncertowa Maj\u00f3wka 13.06 Festiwal Simbiosa 14.06 Grajd\u00f3\u0142 Festiwal 19.06 Ufo Bufo festival 20.06 OWCA BIA\u0141A (impreza zamkni\u0119ta) 18.07 EFKA Festiwal 19.07 Stacja Wolimierz 9.08 Ethno Polana Festiwal 15.08 Festiwal Wis\u0142y 31.08 Podr\u00f3\u017c do Indii (Pozna\u0144) 6.09 Full Moon Art Fest 20.09 Dzie\u0144 Je\u017cyc (Pozna\u0144)<\/p>","protected":false},"author":1,"featured_media":0,"parent":0,"menu_order":0,"comment_status":"closed","ping_status":"closed","template":"","meta":{"neve_meta_sidebar":"","neve_meta_container":"","neve_meta_enable_content_width":"","neve_meta_content_width":0,"neve_meta_title_alignment":"","neve_meta_author_avatar":"","neve_post_elements_order":"","neve_meta_disable_header":"","neve_meta_disable_footer":"","neve_meta_disable_title":"","footnotes":""},"class_list":["post-205","page","type-page","status-publish","hentry"],"yoast_head":"<!-- This site is optimized with the Yoast SEO plugin v20.11 - https:\/\/yoast.com\/wordpress\/plugins\/seo\/ -->\n<title>Koncerty &bull; Surtarang<\/title>\n<meta name=\"robots\" content=\"index, follow, max-snippet:-1, max-image-preview:large, max-video-preview:-1\" \/>\n<link rel=\"canonical\" href=\"https:\/\/surtarang.com.pl\/en\/koncerty-2\/\" \/>\n<meta property=\"og:locale\" content=\"en_GB\" \/>\n<meta property=\"og:type\" content=\"article\" \/>\n<meta property=\"og:title\" content=\"Koncerty &bull; Surtarang\" \/>\n<meta property=\"og:description\" content=\"\u058d Summer Tour \u058d 2.05 Koncertowa Maj\u00f3wka 13.06 Festiwal Simbiosa 14.06 Grajd\u00f3\u0142 Festiwal 19.06 Ufo Bufo festival 20.06 OWCA BIA\u0141A (impreza zamkni\u0119ta) 18.07 EFKA Festiwal 19.07 Stacja Wolimierz 9.08 Ethno Polana Festiwal 15.08 Festiwal Wis\u0142y 31.08 Podr\u00f3\u017c do Indii (Pozna\u0144) 6.09 Full Moon Art Fest 20.09 Dzie\u0144 Je\u017cyc (Pozna\u0144)\" \/>\n<meta property=\"og:url\" content=\"https:\/\/surtarang.com.pl\/en\/koncerty-2\/\" \/>\n<meta property=\"og:site_name\" content=\"Surtarang\" \/>\n<meta property=\"article:publisher\" content=\"https:\/\/www.facebook.com\/surtarangband\" \/>\n<meta property=\"article:modified_time\" content=\"2025-09-11T07:24:53+00:00\" \/>\n<meta property=\"og:image\" content=\"https:\/\/surtarang.com.pl\/wp-content\/uploads\/2023\/07\/cropped-Surtarang-sesja-fot.-Przemek-Banas-5-scaled-3.jpg\" \/>\n\t<meta property=\"og:image:width\" content=\"512\" \/>\n\t<meta property=\"og:image:height\" content=\"512\" \/>\n\t<meta property=\"og:image:type\" content=\"image\/jpeg\" \/>\n<meta name=\"twitter:card\" content=\"summary_large_image\" \/>\n<meta name=\"twitter:label1\" content=\"Estimated reading time\" \/>\n\t<meta name=\"twitter:data1\" content=\"1 minute\" \/>\n<script type=\"application\/ld+json\" class=\"yoast-schema-graph\">{\"@context\":\"https:\/\/schema.org\",\"@graph\":[{\"@type\":\"WebPage\",\"@id\":\"https:\/\/surtarang.com.pl\/koncerty-2\/\",\"url\":\"https:\/\/surtarang.com.pl\/koncerty-2\/\",\"name\":\"Koncerty &bull; Surtarang\",\"isPartOf\":{\"@id\":\"https:\/\/surtarang.com.pl\/en\/#website\"},\"datePublished\":\"2023-07-17T15:57:54+00:00\",\"dateModified\":\"2025-09-11T07:24:53+00:00\",\"breadcrumb\":{\"@id\":\"https:\/\/surtarang.com.pl\/koncerty-2\/#breadcrumb\"},\"inLanguage\":\"en-GB\",\"potentialAction\":[{\"@type\":\"ReadAction\",\"target\":[\"https:\/\/surtarang.com.pl\/koncerty-2\/\"]}]},{\"@type\":\"BreadcrumbList\",\"@id\":\"https:\/\/surtarang.com.pl\/koncerty-2\/#breadcrumb\",\"itemListElement\":[{\"@type\":\"ListItem\",\"position\":1,\"name\":\"Strona g\u0142\u00f3wna\",\"item\":\"https:\/\/surtarang.com.pl\/en\/\"},{\"@type\":\"ListItem\",\"position\":2,\"name\":\"Koncerty\"}]},{\"@type\":\"WebSite\",\"@id\":\"https:\/\/surtarang.com.pl\/en\/#website\",\"url\":\"https:\/\/surtarang.com.pl\/en\/\",\"name\":\"Surtarang\",\"description\":\"Ethno-electronic band from Poland\",\"publisher\":{\"@id\":\"https:\/\/surtarang.com.pl\/en\/#organization\"},\"alternateName\":\"Surtarang\",\"potentialAction\":[{\"@type\":\"SearchAction\",\"target\":{\"@type\":\"EntryPoint\",\"urlTemplate\":\"https:\/\/surtarang.com.pl\/en\/?s={search_term_string}\"},\"query-input\":\"required name=search_term_string\"}],\"inLanguage\":\"en-GB\"},{\"@type\":\"Organization\",\"@id\":\"https:\/\/surtarang.com.pl\/en\/#organization\",\"name\":\"Surtarang\",\"url\":\"https:\/\/surtarang.com.pl\/en\/\",\"logo\":{\"@type\":\"ImageObject\",\"inLanguage\":\"en-GB\",\"@id\":\"https:\/\/surtarang.com.pl\/en\/#\/schema\/logo\/image\/\",\"url\":\"https:\/\/surtarang.com.pl\/wp-content\/uploads\/2023\/07\/cropped-Surtarang-sesja-fot.-Przemek-Banas-5-scaled-3.jpg\",\"contentUrl\":\"https:\/\/surtarang.com.pl\/wp-content\/uploads\/2023\/07\/cropped-Surtarang-sesja-fot.-Przemek-Banas-5-scaled-3.jpg\",\"width\":512,\"height\":512,\"caption\":\"Surtarang\"},\"image\":{\"@id\":\"https:\/\/surtarang.com.pl\/en\/#\/schema\/logo\/image\/\"},\"sameAs\":[\"https:\/\/www.facebook.com\/surtarangband\"]}]}<\/script>\n<!-- \/ Yoast SEO plugin. -->","yoast_head_json":{"title":"Koncerty &bull; Surtarang","robots":{"index":"index","follow":"follow","max-snippet":"max-snippet:-1","max-image-preview":"max-image-preview:large","max-video-preview":"max-video-preview:-1"},"canonical":"https:\/\/surtarang.com.pl\/en\/koncerty-2\/","og_locale":"en_GB","og_type":"article","og_title":"Koncerty &bull; Surtarang","og_description":"\u058d Summer Tour \u058d 2.05 Koncertowa Maj\u00f3wka 13.06 Festiwal Simbiosa 14.06 Grajd\u00f3\u0142 Festiwal 19.06 Ufo Bufo festival 20.06 OWCA BIA\u0141A (impreza zamkni\u0119ta) 18.07 EFKA Festiwal 19.07 Stacja Wolimierz 9.08 Ethno Polana Festiwal 15.08 Festiwal Wis\u0142y 31.08 Podr\u00f3\u017c do Indii (Pozna\u0144) 6.09 Full Moon Art Fest 20.09 Dzie\u0144 Je\u017cyc (Pozna\u0144)","og_url":"https:\/\/surtarang.com.pl\/en\/koncerty-2\/","og_site_name":"Surtarang","article_publisher":"https:\/\/www.facebook.com\/surtarangband","article_modified_time":"2025-09-11T07:24:53+00:00","og_image":[{"width":512,"height":512,"url":"https:\/\/surtarang.com.pl\/wp-content\/uploads\/2023\/07\/cropped-Surtarang-sesja-fot.-Przemek-Banas-5-scaled-3.jpg","type":"image\/jpeg"}],"twitter_card":"summary_large_image","twitter_misc":{"Estimated reading time":"1 minute"},"schema":{"@context":"https:\/\/schema.org","@graph":[{"@type":"WebPage","@id":"https:\/\/surtarang.com.pl\/koncerty-2\/","url":"https:\/\/surtarang.com.pl\/koncerty-2\/","name":"Koncerty &bull; Surtarang","isPartOf":{"@id":"https:\/\/surtarang.com.pl\/en\/#website"},"datePublished":"2023-07-17T15:57:54+00:00","dateModified":"2025-09-11T07:24:53+00:00","breadcrumb":{"@id":"https:\/\/surtarang.com.pl\/koncerty-2\/#breadcrumb"},"inLanguage":"en-GB","potentialAction":[{"@type":"ReadAction","target":["https:\/\/surtarang.com.pl\/koncerty-2\/"]}]},{"@type":"BreadcrumbList","@id":"https:\/\/surtarang.com.pl\/koncerty-2\/#breadcrumb","itemListElement":[{"@type":"ListItem","position":1,"name":"Strona g\u0142\u00f3wna","item":"https:\/\/surtarang.com.pl\/en\/"},{"@type":"ListItem","position":2,"name":"Koncerty"}]},{"@type":"WebSite","@id":"https:\/\/surtarang.com.pl\/en\/#website","url":"https:\/\/surtarang.com.pl\/en\/","name":"Surtarang","description":"Ethno-electronic band from Poland","publisher":{"@id":"https:\/\/surtarang.com.pl\/en\/#organization"},"alternateName":"Surtarang","potentialAction":[{"@type":"SearchAction","target":{"@type":"EntryPoint","urlTemplate":"https:\/\/surtarang.com.pl\/en\/?s={search_term_string}"},"query-input":"required name=search_term_string"}],"inLanguage":"en-GB"},{"@type":"Organization","@id":"https:\/\/surtarang.com.pl\/en\/#organization","name":"Surtarang","url":"https:\/\/surtarang.com.pl\/en\/","logo":{"@type":"ImageObject","inLanguage":"en-GB","@id":"https:\/\/surtarang.com.pl\/en\/#\/schema\/logo\/image\/","url":"https:\/\/surtarang.com.pl\/wp-content\/uploads\/2023\/07\/cropped-Surtarang-sesja-fot.-Przemek-Banas-5-scaled-3.jpg","contentUrl":"https:\/\/surtarang.com.pl\/wp-content\/uploads\/2023\/07\/cropped-Surtarang-sesja-fot.-Przemek-Banas-5-scaled-3.jpg","width":512,"height":512,"caption":"Surtarang"},"image":{"@id":"https:\/\/surtarang.com.pl\/en\/#\/schema\/logo\/image\/"},"sameAs":["https:\/\/www.facebook.com\/surtarangband"]}]}},"_links":{"self":[{"href":"https:\/\/surtarang.com.pl\/en\/wp-json\/wp\/v2\/pages\/205","targetHints":{"allow":["GET"]}}],"collection":[{"href":"https:\/\/surtarang.com.pl\/en\/wp-json\/wp\/v2\/pages"}],"about":[{"href":"https:\/\/surtarang.com.pl\/en\/wp-json\/wp\/v2\/types\/page"}],"author":[{"embeddable":true,"href":"https:\/\/surtarang.com.pl\/en\/wp-json\/wp\/v2\/users\/1"}],"replies":[{"embeddable":true,"href":"https:\/\/surtarang.com.pl\/en\/wp-json\/wp\/v2\/comments?post=205"}],"version-history":[{"count":56,"href":"https:\/\/surtarang.com.pl\/en\/wp-json\/wp\/v2\/pages\/205\/revisions"}],"predecessor-version":[{"id":500,"href":"https:\/\/surtarang.com.pl\/en\/wp-json\/wp\/v2\/pages\/205\/revisions\/500"}],"wp:attachment":[{"href":"https:\/\/surtarang.com.pl\/en\/wp-json\/wp\/v2\/media?parent=205"}],"curies":[{"name":"wp","href":"https:\/\/api.w.org\/{rel}","templated":true}]}}