{"id":34,"date":"2023-07-10T14:44:37","date_gmt":"2023-07-10T12:44:37","guid":{"rendered":"https:\/\/surtarang.com.pl\/?page_id=34"},"modified":"2023-07-17T20:17:57","modified_gmt":"2023-07-17T18:17:57","slug":"galeria","status":"publish","type":"page","link":"https:\/\/surtarang.com.pl\/en\/galeria\/","title":{"rendered":"Galery"},"content":{"rendered":"<figure class=\"wp-block-gallery aligncenter has-nested-images columns-default is-cropped wp-block-gallery-1 is-layout-flex wp-block-gallery-is-layout-flex\">\n<figure class=\"wp-block-image size-large\"><a href=\"https:\/\/surtarang.com.pl\/wp-content\/uploads\/2023\/07\/Hanka-sesja-fot.-Przemek-Banas-1-1-scaled.jpg\"><img loading=\"lazy\" decoding=\"async\" width=\"1024\" height=\"700\" data-id=\"167\" src=\"https:\/\/surtarang.com.pl\/wp-content\/uploads\/2023\/07\/Hanka-sesja-fot.-Przemek-Banas-1-1-1024x700.jpg\" alt=\"\" class=\"wp-image-167\" srcset=\"https:\/\/surtarang.com.pl\/wp-content\/uploads\/2023\/07\/Hanka-sesja-fot.-Przemek-Banas-1-1-1024x700.jpg 1024w, https:\/\/surtarang.com.pl\/wp-content\/uploads\/2023\/07\/Hanka-sesja-fot.-Przemek-Banas-1-1-300x205.jpg 300w, https:\/\/surtarang.com.pl\/wp-content\/uploads\/2023\/07\/Hanka-sesja-fot.-Przemek-Banas-1-1-768x525.jpg 768w, https:\/\/surtarang.com.pl\/wp-content\/uploads\/2023\/07\/Hanka-sesja-fot.-Przemek-Banas-1-1-1536x1050.jpg 1536w, https:\/\/surtarang.com.pl\/wp-content\/uploads\/2023\/07\/Hanka-sesja-fot.-Przemek-Banas-1-1-2048x1399.jpg 2048w, https:\/\/surtarang.com.pl\/wp-content\/uploads\/2023\/07\/Hanka-sesja-fot.-Przemek-Banas-1-1-18x12.jpg 18w\" sizes=\"auto, (max-width: 1024px) 100vw, 1024px\" \/><\/a><figcaption class=\"wp-element-caption\">Fot. Przemek Bana\u015b<\/figcaption><\/figure>\n\n\n\n<figure class=\"wp-block-image size-large\"><a href=\"https:\/\/surtarang.com.pl\/wp-content\/uploads\/2023\/07\/Lukasz-sesja-fot.-Przemek-Banas-2-scaled.jpg\"><img loading=\"lazy\" decoding=\"async\" width=\"1024\" height=\"681\" data-id=\"172\" src=\"https:\/\/surtarang.com.pl\/wp-content\/uploads\/2023\/07\/Lukasz-sesja-fot.-Przemek-Banas-2-1024x681.jpg\" alt=\"\" class=\"wp-image-172\" srcset=\"https:\/\/surtarang.com.pl\/wp-content\/uploads\/2023\/07\/Lukasz-sesja-fot.-Przemek-Banas-2-1024x681.jpg 1024w, https:\/\/surtarang.com.pl\/wp-content\/uploads\/2023\/07\/Lukasz-sesja-fot.-Przemek-Banas-2-300x200.jpg 300w, https:\/\/surtarang.com.pl\/wp-content\/uploads\/2023\/07\/Lukasz-sesja-fot.-Przemek-Banas-2-768x511.jpg 768w, https:\/\/surtarang.com.pl\/wp-content\/uploads\/2023\/07\/Lukasz-sesja-fot.-Przemek-Banas-2-1536x1022.jpg 1536w, https:\/\/surtarang.com.pl\/wp-content\/uploads\/2023\/07\/Lukasz-sesja-fot.-Przemek-Banas-2-2048x1363.jpg 2048w, https:\/\/surtarang.com.pl\/wp-content\/uploads\/2023\/07\/Lukasz-sesja-fot.-Przemek-Banas-2-18x12.jpg 18w\" sizes=\"auto, (max-width: 1024px) 100vw, 1024px\" \/><\/a><figcaption class=\"wp-element-caption\">Fot. Przemek Bana\u015b<\/figcaption><\/figure>\n\n\n\n<figure class=\"wp-block-image size-large\"><a href=\"https:\/\/surtarang.com.pl\/wp-content\/uploads\/2023\/07\/Eryk-sesja-fot.-Przemek-Banas-1-scaled.jpg\"><img loading=\"lazy\" decoding=\"async\" width=\"1024\" height=\"673\" data-id=\"165\" src=\"https:\/\/surtarang.com.pl\/wp-content\/uploads\/2023\/07\/Eryk-sesja-fot.-Przemek-Banas-1-1024x673.jpg\" alt=\"\" class=\"wp-image-165\" srcset=\"https:\/\/surtarang.com.pl\/wp-content\/uploads\/2023\/07\/Eryk-sesja-fot.-Przemek-Banas-1-1024x673.jpg 1024w, https:\/\/surtarang.com.pl\/wp-content\/uploads\/2023\/07\/Eryk-sesja-fot.-Przemek-Banas-1-300x197.jpg 300w, https:\/\/surtarang.com.pl\/wp-content\/uploads\/2023\/07\/Eryk-sesja-fot.-Przemek-Banas-1-768x505.jpg 768w, https:\/\/surtarang.com.pl\/wp-content\/uploads\/2023\/07\/Eryk-sesja-fot.-Przemek-Banas-1-1536x1010.jpg 1536w, https:\/\/surtarang.com.pl\/wp-content\/uploads\/2023\/07\/Eryk-sesja-fot.-Przemek-Banas-1-2048x1346.jpg 2048w, https:\/\/surtarang.com.pl\/wp-content\/uploads\/2023\/07\/Eryk-sesja-fot.-Przemek-Banas-1-18x12.jpg 18w\" sizes=\"auto, (max-width: 1024px) 100vw, 1024px\" \/><\/a><figcaption class=\"wp-element-caption\">Fot. Przemek Bana\u015b<\/figcaption><\/figure>\n\n\n\n<figure class=\"wp-block-image size-large\"><a href=\"https:\/\/surtarang.com.pl\/wp-content\/uploads\/2023\/07\/Surtarang-sesja-fot.Przemyslaw-Banas-scaled.jpg\"><img loading=\"lazy\" decoding=\"async\" width=\"1024\" height=\"681\" data-id=\"170\" src=\"https:\/\/surtarang.com.pl\/wp-content\/uploads\/2023\/07\/Surtarang-sesja-fot.Przemyslaw-Banas-1024x681.jpg\" alt=\"\" class=\"wp-image-170\" srcset=\"https:\/\/surtarang.com.pl\/wp-content\/uploads\/2023\/07\/Surtarang-sesja-fot.Przemyslaw-Banas-1024x681.jpg 1024w, https:\/\/surtarang.com.pl\/wp-content\/uploads\/2023\/07\/Surtarang-sesja-fot.Przemyslaw-Banas-300x200.jpg 300w, https:\/\/surtarang.com.pl\/wp-content\/uploads\/2023\/07\/Surtarang-sesja-fot.Przemyslaw-Banas-768x511.jpg 768w, https:\/\/surtarang.com.pl\/wp-content\/uploads\/2023\/07\/Surtarang-sesja-fot.Przemyslaw-Banas-1536x1022.jpg 1536w, https:\/\/surtarang.com.pl\/wp-content\/uploads\/2023\/07\/Surtarang-sesja-fot.Przemyslaw-Banas-2048x1363.jpg 2048w, https:\/\/surtarang.com.pl\/wp-content\/uploads\/2023\/07\/Surtarang-sesja-fot.Przemyslaw-Banas-18x12.jpg 18w\" sizes=\"auto, (max-width: 1024px) 100vw, 1024px\" \/><\/a><figcaption class=\"wp-element-caption\">Fot. Przemek Bana\u015b<\/figcaption><\/figure>\n\n\n\n<figure class=\"wp-block-image size-large\"><a href=\"https:\/\/surtarang.com.pl\/wp-content\/uploads\/2023\/07\/Hanka-Lubienska-fot.Michal-Hordowicz-scaled.jpg\"><img loading=\"lazy\" decoding=\"async\" width=\"1024\" height=\"683\" data-id=\"168\" src=\"https:\/\/surtarang.com.pl\/wp-content\/uploads\/2023\/07\/Hanka-Lubienska-fot.Michal-Hordowicz-1024x683.jpg\" alt=\"\" class=\"wp-image-168\" srcset=\"https:\/\/surtarang.com.pl\/wp-content\/uploads\/2023\/07\/Hanka-Lubienska-fot.Michal-Hordowicz-1024x683.jpg 1024w, https:\/\/surtarang.com.pl\/wp-content\/uploads\/2023\/07\/Hanka-Lubienska-fot.Michal-Hordowicz-300x200.jpg 300w, https:\/\/surtarang.com.pl\/wp-content\/uploads\/2023\/07\/Hanka-Lubienska-fot.Michal-Hordowicz-768x512.jpg 768w, https:\/\/surtarang.com.pl\/wp-content\/uploads\/2023\/07\/Hanka-Lubienska-fot.Michal-Hordowicz-1536x1024.jpg 1536w, https:\/\/surtarang.com.pl\/wp-content\/uploads\/2023\/07\/Hanka-Lubienska-fot.Michal-Hordowicz-2048x1366.jpg 2048w, https:\/\/surtarang.com.pl\/wp-content\/uploads\/2023\/07\/Hanka-Lubienska-fot.Michal-Hordowicz-18x12.jpg 18w, https:\/\/surtarang.com.pl\/wp-content\/uploads\/2023\/07\/Hanka-Lubienska-fot.Michal-Hordowicz-930x620.jpg 930w\" sizes=\"auto, (max-width: 1024px) 100vw, 1024px\" \/><\/a><figcaption class=\"wp-element-caption\">Fot. Micha\u0142 Hordowicz<\/figcaption><\/figure>\n\n\n\n<figure class=\"wp-block-image size-large\"><a href=\"https:\/\/surtarang.com.pl\/wp-content\/uploads\/2023\/07\/Koncert-premierowy-Hanka-fot.-Ewelina-Jaskowiak.jpg\"><img loading=\"lazy\" decoding=\"async\" width=\"1024\" height=\"683\" data-id=\"163\" src=\"https:\/\/surtarang.com.pl\/wp-content\/uploads\/2023\/07\/Koncert-premierowy-Hanka-fot.-Ewelina-Jaskowiak-1024x683.jpg\" alt=\"\" class=\"wp-image-163\" srcset=\"https:\/\/surtarang.com.pl\/wp-content\/uploads\/2023\/07\/Koncert-premierowy-Hanka-fot.-Ewelina-Jaskowiak-1024x683.jpg 1024w, https:\/\/surtarang.com.pl\/wp-content\/uploads\/2023\/07\/Koncert-premierowy-Hanka-fot.-Ewelina-Jaskowiak-300x200.jpg 300w, https:\/\/surtarang.com.pl\/wp-content\/uploads\/2023\/07\/Koncert-premierowy-Hanka-fot.-Ewelina-Jaskowiak-768x512.jpg 768w, https:\/\/surtarang.com.pl\/wp-content\/uploads\/2023\/07\/Koncert-premierowy-Hanka-fot.-Ewelina-Jaskowiak-18x12.jpg 18w, https:\/\/surtarang.com.pl\/wp-content\/uploads\/2023\/07\/Koncert-premierowy-Hanka-fot.-Ewelina-Jaskowiak-930x620.jpg 930w, https:\/\/surtarang.com.pl\/wp-content\/uploads\/2023\/07\/Koncert-premierowy-Hanka-fot.-Ewelina-Jaskowiak.jpg 1066w\" sizes=\"auto, (max-width: 1024px) 100vw, 1024px\" \/><\/a><figcaption class=\"wp-element-caption\">Fot. Ewelina Ja\u015bkowiak<\/figcaption><\/figure>\n\n\n\n<figure class=\"wp-block-image size-large\"><a href=\"https:\/\/surtarang.com.pl\/wp-content\/uploads\/2023\/07\/Eryk-Nowacki-fot.Krzysztof-Nesterowicz.jpg\"><img loading=\"lazy\" decoding=\"async\" width=\"1024\" height=\"683\" data-id=\"166\" src=\"https:\/\/surtarang.com.pl\/wp-content\/uploads\/2023\/07\/Eryk-Nowacki-fot.Krzysztof-Nesterowicz-1024x683.jpg\" alt=\"\" class=\"wp-image-166\" srcset=\"https:\/\/surtarang.com.pl\/wp-content\/uploads\/2023\/07\/Eryk-Nowacki-fot.Krzysztof-Nesterowicz-1024x683.jpg 1024w, https:\/\/surtarang.com.pl\/wp-content\/uploads\/2023\/07\/Eryk-Nowacki-fot.Krzysztof-Nesterowicz-300x200.jpg 300w, https:\/\/surtarang.com.pl\/wp-content\/uploads\/2023\/07\/Eryk-Nowacki-fot.Krzysztof-Nesterowicz-768x512.jpg 768w, https:\/\/surtarang.com.pl\/wp-content\/uploads\/2023\/07\/Eryk-Nowacki-fot.Krzysztof-Nesterowicz-1536x1024.jpg 1536w, https:\/\/surtarang.com.pl\/wp-content\/uploads\/2023\/07\/Eryk-Nowacki-fot.Krzysztof-Nesterowicz-18x12.jpg 18w, https:\/\/surtarang.com.pl\/wp-content\/uploads\/2023\/07\/Eryk-Nowacki-fot.Krzysztof-Nesterowicz-930x620.jpg 930w, https:\/\/surtarang.com.pl\/wp-content\/uploads\/2023\/07\/Eryk-Nowacki-fot.Krzysztof-Nesterowicz.jpg 2048w\" sizes=\"auto, (max-width: 1024px) 100vw, 1024px\" \/><\/a><figcaption class=\"wp-element-caption\">Fot. Krzysztof Nesterowicz<\/figcaption><\/figure>\n\n\n\n<figure class=\"wp-block-image size-large\"><a href=\"https:\/\/surtarang.com.pl\/wp-content\/uploads\/2023\/07\/Festiwal-Kocham-Cie-fot.-Agnieszka-Prymon-3.jpg\"><img loading=\"lazy\" decoding=\"async\" width=\"1024\" height=\"833\" data-id=\"162\" src=\"https:\/\/surtarang.com.pl\/wp-content\/uploads\/2023\/07\/Festiwal-Kocham-Cie-fot.-Agnieszka-Prymon-3-1024x833.jpg\" alt=\"\" class=\"wp-image-162\" srcset=\"https:\/\/surtarang.com.pl\/wp-content\/uploads\/2023\/07\/Festiwal-Kocham-Cie-fot.-Agnieszka-Prymon-3-1024x833.jpg 1024w, https:\/\/surtarang.com.pl\/wp-content\/uploads\/2023\/07\/Festiwal-Kocham-Cie-fot.-Agnieszka-Prymon-3-300x244.jpg 300w, https:\/\/surtarang.com.pl\/wp-content\/uploads\/2023\/07\/Festiwal-Kocham-Cie-fot.-Agnieszka-Prymon-3-768x625.jpg 768w, https:\/\/surtarang.com.pl\/wp-content\/uploads\/2023\/07\/Festiwal-Kocham-Cie-fot.-Agnieszka-Prymon-3-15x12.jpg 15w, https:\/\/surtarang.com.pl\/wp-content\/uploads\/2023\/07\/Festiwal-Kocham-Cie-fot.-Agnieszka-Prymon-3.jpg 1440w\" sizes=\"auto, (max-width: 1024px) 100vw, 1024px\" \/><\/a><figcaption class=\"wp-element-caption\">Fot. Agnieszka Prymon<\/figcaption><\/figure>\n\n\n\n<figure class=\"wp-block-image size-large\"><a href=\"https:\/\/surtarang.com.pl\/wp-content\/uploads\/2023\/07\/Koncert-premierowy-Lukasz-fot.-Ewelina-Jaskowiak.jpg\"><img loading=\"lazy\" decoding=\"async\" width=\"1024\" height=\"683\" data-id=\"164\" src=\"https:\/\/surtarang.com.pl\/wp-content\/uploads\/2023\/07\/Koncert-premierowy-Lukasz-fot.-Ewelina-Jaskowiak-1024x683.jpg\" alt=\"\" class=\"wp-image-164\" srcset=\"https:\/\/surtarang.com.pl\/wp-content\/uploads\/2023\/07\/Koncert-premierowy-Lukasz-fot.-Ewelina-Jaskowiak-1024x683.jpg 1024w, https:\/\/surtarang.com.pl\/wp-content\/uploads\/2023\/07\/Koncert-premierowy-Lukasz-fot.-Ewelina-Jaskowiak-300x200.jpg 300w, https:\/\/surtarang.com.pl\/wp-content\/uploads\/2023\/07\/Koncert-premierowy-Lukasz-fot.-Ewelina-Jaskowiak-768x512.jpg 768w, https:\/\/surtarang.com.pl\/wp-content\/uploads\/2023\/07\/Koncert-premierowy-Lukasz-fot.-Ewelina-Jaskowiak-1536x1024.jpg 1536w, https:\/\/surtarang.com.pl\/wp-content\/uploads\/2023\/07\/Koncert-premierowy-Lukasz-fot.-Ewelina-Jaskowiak-18x12.jpg 18w, https:\/\/surtarang.com.pl\/wp-content\/uploads\/2023\/07\/Koncert-premierowy-Lukasz-fot.-Ewelina-Jaskowiak-930x620.jpg 930w, https:\/\/surtarang.com.pl\/wp-content\/uploads\/2023\/07\/Koncert-premierowy-Lukasz-fot.-Ewelina-Jaskowiak.jpg 1600w\" sizes=\"auto, (max-width: 1024px) 100vw, 1024px\" \/><\/a><figcaption class=\"wp-element-caption\">Fot. Ewelina Ja\u015bkowiak<\/figcaption><\/figure>\n\n\n\n<figure class=\"wp-block-image size-large\"><a href=\"https:\/\/surtarang.com.pl\/wp-content\/uploads\/2023\/07\/Surtarang-fot.Michal-Hordowicz-scaled.jpg\"><img loading=\"lazy\" decoding=\"async\" width=\"1024\" height=\"683\" data-id=\"171\" src=\"https:\/\/surtarang.com.pl\/wp-content\/uploads\/2023\/07\/Surtarang-fot.Michal-Hordowicz-1024x683.jpg\" alt=\"\" class=\"wp-image-171\" srcset=\"https:\/\/surtarang.com.pl\/wp-content\/uploads\/2023\/07\/Surtarang-fot.Michal-Hordowicz-1024x683.jpg 1024w, https:\/\/surtarang.com.pl\/wp-content\/uploads\/2023\/07\/Surtarang-fot.Michal-Hordowicz-300x200.jpg 300w, https:\/\/surtarang.com.pl\/wp-content\/uploads\/2023\/07\/Surtarang-fot.Michal-Hordowicz-768x512.jpg 768w, https:\/\/surtarang.com.pl\/wp-content\/uploads\/2023\/07\/Surtarang-fot.Michal-Hordowicz-1536x1024.jpg 1536w, https:\/\/surtarang.com.pl\/wp-content\/uploads\/2023\/07\/Surtarang-fot.Michal-Hordowicz-2048x1366.jpg 2048w, https:\/\/surtarang.com.pl\/wp-content\/uploads\/2023\/07\/Surtarang-fot.Michal-Hordowicz-18x12.jpg 18w, https:\/\/surtarang.com.pl\/wp-content\/uploads\/2023\/07\/Surtarang-fot.Michal-Hordowicz-930x620.jpg 930w\" sizes=\"auto, (max-width: 1024px) 100vw, 1024px\" \/><\/a><figcaption class=\"wp-element-caption\">Fot. Micha\u0142 Hordowicz<\/figcaption><\/figure>\n\n\n\n<figure class=\"wp-block-image size-large\"><a href=\"https:\/\/surtarang.com.pl\/wp-content\/uploads\/2023\/07\/Surtarang-Backstage.jpeg\"><img loading=\"lazy\" decoding=\"async\" width=\"1024\" height=\"577\" data-id=\"169\" src=\"https:\/\/surtarang.com.pl\/wp-content\/uploads\/2023\/07\/Surtarang-Backstage-1024x577.jpeg\" alt=\"\" class=\"wp-image-169\" srcset=\"https:\/\/surtarang.com.pl\/wp-content\/uploads\/2023\/07\/Surtarang-Backstage-1024x577.jpeg 1024w, https:\/\/surtarang.com.pl\/wp-content\/uploads\/2023\/07\/Surtarang-Backstage-300x169.jpeg 300w, https:\/\/surtarang.com.pl\/wp-content\/uploads\/2023\/07\/Surtarang-Backstage-768x433.jpeg 768w, https:\/\/surtarang.com.pl\/wp-content\/uploads\/2023\/07\/Surtarang-Backstage-1536x865.jpeg 1536w, https:\/\/surtarang.com.pl\/wp-content\/uploads\/2023\/07\/Surtarang-Backstage-18x10.jpeg 18w, https:\/\/surtarang.com.pl\/wp-content\/uploads\/2023\/07\/Surtarang-Backstage.jpeg 1917w\" sizes=\"auto, (max-width: 1024px) 100vw, 1024px\" \/><\/a><figcaption class=\"wp-element-caption\">Fot. Hanka \u0141ubie\u0144\u015bka<\/figcaption><\/figure>\n\n\n\n<figure class=\"wp-block-image size-large\"><a href=\"https:\/\/surtarang.com.pl\/wp-content\/uploads\/2023\/07\/Festiwal-Szamana-fot.-Tomasz-Wynalazek1.jpg\"><img loading=\"lazy\" decoding=\"async\" width=\"960\" height=\"640\" data-id=\"161\" src=\"https:\/\/surtarang.com.pl\/wp-content\/uploads\/2023\/07\/Festiwal-Szamana-fot.-Tomasz-Wynalazek1.jpg\" alt=\"\" class=\"wp-image-161\" srcset=\"https:\/\/surtarang.com.pl\/wp-content\/uploads\/2023\/07\/Festiwal-Szamana-fot.-Tomasz-Wynalazek1.jpg 960w, https:\/\/surtarang.com.pl\/wp-content\/uploads\/2023\/07\/Festiwal-Szamana-fot.-Tomasz-Wynalazek1-300x200.jpg 300w, https:\/\/surtarang.com.pl\/wp-content\/uploads\/2023\/07\/Festiwal-Szamana-fot.-Tomasz-Wynalazek1-768x512.jpg 768w, https:\/\/surtarang.com.pl\/wp-content\/uploads\/2023\/07\/Festiwal-Szamana-fot.-Tomasz-Wynalazek1-18x12.jpg 18w, https:\/\/surtarang.com.pl\/wp-content\/uploads\/2023\/07\/Festiwal-Szamana-fot.-Tomasz-Wynalazek1-930x620.jpg 930w\" sizes=\"auto, (max-width: 960px) 100vw, 960px\" \/><\/a><figcaption class=\"wp-element-caption\">Fot. Tomasz Wynalazek<\/figcaption><\/figure>\n<\/figure>","protected":false},"excerpt":{"rendered":"","protected":false},"author":1,"featured_media":0,"parent":0,"menu_order":0,"comment_status":"closed","ping_status":"closed","template":"","meta":{"neve_meta_sidebar":"","neve_meta_container":"","neve_meta_enable_content_width":"","neve_meta_content_width":0,"neve_meta_title_alignment":"","neve_meta_author_avatar":"","neve_post_elements_order":"","neve_meta_disable_header":"","neve_meta_disable_footer":"","neve_meta_disable_title":"","footnotes":""},"class_list":["post-34","page","type-page","status-publish","hentry"],"yoast_head":"<!-- This site is optimized with the Yoast SEO plugin v20.11 - https:\/\/yoast.com\/wordpress\/plugins\/seo\/ -->\n<title>Galeria &bull; Surtarang<\/title>\n<meta name=\"robots\" content=\"index, follow, max-snippet:-1, max-image-preview:large, max-video-preview:-1\" \/>\n<link rel=\"canonical\" href=\"https:\/\/surtarang.com.pl\/en\/galeria\/\" \/>\n<meta property=\"og:locale\" content=\"en_GB\" \/>\n<meta property=\"og:type\" content=\"article\" \/>\n<meta property=\"og:title\" content=\"Galeria &bull; Surtarang\" \/>\n<meta property=\"og:url\" content=\"https:\/\/surtarang.com.pl\/en\/galeria\/\" \/>\n<meta property=\"og:site_name\" content=\"Surtarang\" \/>\n<meta property=\"article:publisher\" content=\"https:\/\/www.facebook.com\/surtarangband\" \/>\n<meta property=\"article:modified_time\" content=\"2023-07-17T18:17:57+00:00\" \/>\n<meta property=\"og:image\" content=\"https:\/\/surtarang.com.pl\/wp-content\/uploads\/2023\/07\/Hanka-sesja-fot.-Przemek-Banas-1-1-1024x700.jpg\" \/>\n<meta name=\"twitter:card\" content=\"summary_large_image\" \/>\n<script type=\"application\/ld+json\" class=\"yoast-schema-graph\">{\"@context\":\"https:\/\/schema.org\",\"@graph\":[{\"@type\":\"WebPage\",\"@id\":\"https:\/\/surtarang.com.pl\/en\/galeria\/\",\"url\":\"https:\/\/surtarang.com.pl\/en\/galeria\/\",\"name\":\"Galeria &bull; Surtarang\",\"isPartOf\":{\"@id\":\"https:\/\/surtarang.com.pl\/en\/#website\"},\"datePublished\":\"2023-07-10T12:44:37+00:00\",\"dateModified\":\"2023-07-17T18:17:57+00:00\",\"breadcrumb\":{\"@id\":\"https:\/\/surtarang.com.pl\/en\/galeria\/#breadcrumb\"},\"inLanguage\":\"en-GB\",\"potentialAction\":[{\"@type\":\"ReadAction\",\"target\":[\"https:\/\/surtarang.com.pl\/en\/galeria\/\"]}]},{\"@type\":\"BreadcrumbList\",\"@id\":\"https:\/\/surtarang.com.pl\/en\/galeria\/#breadcrumb\",\"itemListElement\":[{\"@type\":\"ListItem\",\"position\":1,\"name\":\"Strona g\u0142\u00f3wna\",\"item\":\"https:\/\/surtarang.com.pl\/en\/\"},{\"@type\":\"ListItem\",\"position\":2,\"name\":\"Galeria\"}]},{\"@type\":\"WebSite\",\"@id\":\"https:\/\/surtarang.com.pl\/en\/#website\",\"url\":\"https:\/\/surtarang.com.pl\/en\/\",\"name\":\"Surtarang\",\"description\":\"Ethno-electronic band from Poland\",\"publisher\":{\"@id\":\"https:\/\/surtarang.com.pl\/en\/#organization\"},\"alternateName\":\"Surtarang\",\"potentialAction\":[{\"@type\":\"SearchAction\",\"target\":{\"@type\":\"EntryPoint\",\"urlTemplate\":\"https:\/\/surtarang.com.pl\/en\/?s={search_term_string}\"},\"query-input\":\"required name=search_term_string\"}],\"inLanguage\":\"en-GB\"},{\"@type\":\"Organization\",\"@id\":\"https:\/\/surtarang.com.pl\/en\/#organization\",\"name\":\"Surtarang\",\"url\":\"https:\/\/surtarang.com.pl\/en\/\",\"logo\":{\"@type\":\"ImageObject\",\"inLanguage\":\"en-GB\",\"@id\":\"https:\/\/surtarang.com.pl\/en\/#\/schema\/logo\/image\/\",\"url\":\"https:\/\/surtarang.com.pl\/wp-content\/uploads\/2023\/07\/cropped-Surtarang-sesja-fot.-Przemek-Banas-5-scaled-3.jpg\",\"contentUrl\":\"https:\/\/surtarang.com.pl\/wp-content\/uploads\/2023\/07\/cropped-Surtarang-sesja-fot.-Przemek-Banas-5-scaled-3.jpg\",\"width\":512,\"height\":512,\"caption\":\"Surtarang\"},\"image\":{\"@id\":\"https:\/\/surtarang.com.pl\/en\/#\/schema\/logo\/image\/\"},\"sameAs\":[\"https:\/\/www.facebook.com\/surtarangband\"]}]}<\/script>\n<!-- \/ Yoast SEO plugin. -->","yoast_head_json":{"title":"Galeria &bull; Surtarang","robots":{"index":"index","follow":"follow","max-snippet":"max-snippet:-1","max-image-preview":"max-image-preview:large","max-video-preview":"max-video-preview:-1"},"canonical":"https:\/\/surtarang.com.pl\/en\/galeria\/","og_locale":"en_GB","og_type":"article","og_title":"Galeria &bull; Surtarang","og_url":"https:\/\/surtarang.com.pl\/en\/galeria\/","og_site_name":"Surtarang","article_publisher":"https:\/\/www.facebook.com\/surtarangband","article_modified_time":"2023-07-17T18:17:57+00:00","og_image":[{"url":"https:\/\/surtarang.com.pl\/wp-content\/uploads\/2023\/07\/Hanka-sesja-fot.-Przemek-Banas-1-1-1024x700.jpg"}],"twitter_card":"summary_large_image","schema":{"@context":"https:\/\/schema.org","@graph":[{"@type":"WebPage","@id":"https:\/\/surtarang.com.pl\/en\/galeria\/","url":"https:\/\/surtarang.com.pl\/en\/galeria\/","name":"Galeria &bull; Surtarang","isPartOf":{"@id":"https:\/\/surtarang.com.pl\/en\/#website"},"datePublished":"2023-07-10T12:44:37+00:00","dateModified":"2023-07-17T18:17:57+00:00","breadcrumb":{"@id":"https:\/\/surtarang.com.pl\/en\/galeria\/#breadcrumb"},"inLanguage":"en-GB","potentialAction":[{"@type":"ReadAction","target":["https:\/\/surtarang.com.pl\/en\/galeria\/"]}]},{"@type":"BreadcrumbList","@id":"https:\/\/surtarang.com.pl\/en\/galeria\/#breadcrumb","itemListElement":[{"@type":"ListItem","position":1,"name":"Strona g\u0142\u00f3wna","item":"https:\/\/surtarang.com.pl\/en\/"},{"@type":"ListItem","position":2,"name":"Galeria"}]},{"@type":"WebSite","@id":"https:\/\/surtarang.com.pl\/en\/#website","url":"https:\/\/surtarang.com.pl\/en\/","name":"Surtarang","description":"Ethno-electronic band from Poland","publisher":{"@id":"https:\/\/surtarang.com.pl\/en\/#organization"},"alternateName":"Surtarang","potentialAction":[{"@type":"SearchAction","target":{"@type":"EntryPoint","urlTemplate":"https:\/\/surtarang.com.pl\/en\/?s={search_term_string}"},"query-input":"required name=search_term_string"}],"inLanguage":"en-GB"},{"@type":"Organization","@id":"https:\/\/surtarang.com.pl\/en\/#organization","name":"Surtarang","url":"https:\/\/surtarang.com.pl\/en\/","logo":{"@type":"ImageObject","inLanguage":"en-GB","@id":"https:\/\/surtarang.com.pl\/en\/#\/schema\/logo\/image\/","url":"https:\/\/surtarang.com.pl\/wp-content\/uploads\/2023\/07\/cropped-Surtarang-sesja-fot.-Przemek-Banas-5-scaled-3.jpg","contentUrl":"https:\/\/surtarang.com.pl\/wp-content\/uploads\/2023\/07\/cropped-Surtarang-sesja-fot.-Przemek-Banas-5-scaled-3.jpg","width":512,"height":512,"caption":"Surtarang"},"image":{"@id":"https:\/\/surtarang.com.pl\/en\/#\/schema\/logo\/image\/"},"sameAs":["https:\/\/www.facebook.com\/surtarangband"]}]}},"_links":{"self":[{"href":"https:\/\/surtarang.com.pl\/en\/wp-json\/wp\/v2\/pages\/34","targetHints":{"allow":["GET"]}}],"collection":[{"href":"https:\/\/surtarang.com.pl\/en\/wp-json\/wp\/v2\/pages"}],"about":[{"href":"https:\/\/surtarang.com.pl\/en\/wp-json\/wp\/v2\/types\/page"}],"author":[{"embeddable":true,"href":"https:\/\/surtarang.com.pl\/en\/wp-json\/wp\/v2\/users\/1"}],"replies":[{"embeddable":true,"href":"https:\/\/surtarang.com.pl\/en\/wp-json\/wp\/v2\/comments?post=34"}],"version-history":[{"count":7,"href":"https:\/\/surtarang.com.pl\/en\/wp-json\/wp\/v2\/pages\/34\/revisions"}],"predecessor-version":[{"id":213,"href":"https:\/\/surtarang.com.pl\/en\/wp-json\/wp\/v2\/pages\/34\/revisions\/213"}],"wp:attachment":[{"href":"https:\/\/surtarang.com.pl\/en\/wp-json\/wp\/v2\/media?parent=34"}],"curies":[{"name":"wp","href":"https:\/\/api.w.org\/{rel}","templated":true}]}}